{"id":295,"date":"2016-04-12T16:28:45","date_gmt":"2016-04-12T16:28:45","guid":{"rendered":"http:\/\/themes.opendept.net\/hemma-elegant\/?page_id=295"},"modified":"2022-06-29T14:55:56","modified_gmt":"2022-06-29T12:55:56","slug":"the-house","status":"publish","type":"page","link":"https:\/\/masduhameau.com\/index.php\/the-house\/","title":{"rendered":"The House"},"content":{"rendered":"<h3>Discover the House<\/h3>\n<p><strong>[EN]<\/strong> Mas du Hameau is located on the road that leads from the newer village Opp\u00e8de to Opp\u00e8de Le Vieux, whose origin dates back to the 12th century. At the foot of the Luberon hills, surrounded by vineyards and cherry trees, the hamlet of Les Petitons is a gateway for many hiking and cycling tours that criss-cross Provence. Opp\u00e8de is located not far from cities such as Apt, Avignon, L&rsquo;Isle sur la Sorgue and Cavaillon. The Mediterranean coast can also be reached in less than an hour. This hamlet farmhouse built in the 17th century, was until its acquisition by its new owner, a place to work and meet people. It housed the bread oven where the surrounding community came to meet up. This house has been meticulously restored over a period of 20 years, which now gives it its unique character. The renovation project was built around the desire to create a friendly place, dedicated to relaxation.<\/p>\n<p><span style=\"color: #b39164;\"><strong>[FR]<\/strong> Cette fermette de hameau dont l\u2019origine date du 17 eme si\u00e8cle a \u00e8t\u00e8 jusqu&rsquo;\u00e0 son obtention par son nouveau propri\u00e9taire un lieu de travail et de rencontres . Elle abritait le four a pain ou la communaut\u00e9 environnante venait se retrouver.<\/span><br \/>\n<span style=\"color: #b39164;\">Elle a fait l\u2019objet d\u2019une restauration longue et r\u00e9fl\u00e9chie lui conf\u00e9rant un caract\u00e8re unique .<\/span><br \/>\n<span style=\"color: #b39164;\">La volont\u00e9 de base \u00e9tait de cr\u00e9er un lieu dans lequel il serait possible de ressentir des \u00e9motions positives bas\u00e9es sur le ressenti des ambiances visuelles et sonores en cr\u00e9ant des espaces vou\u00e9s a la d\u00e9tente et la relaxation.<\/span><\/p>\n<h3>Where we are<\/h3>\n<p><strong>[EN]<\/strong> In the heart of the Luberon Opp\u00e8de Le Vieux is a magnificent small village built on the top of a rocky spur surrounded by a variety of natural plants and set against a backdrop of wild forests, valleys and rocks.<\/p>\n<p><span style=\"color: #b39164;\"><strong>[FR]<\/strong> Le mas du hameau est situ\u00e9 sur la route qui m\u00e8ne de Opp\u00e8de \u00bb Les Poulivets \u00ab\u00a0 (village administratif) a Opp\u00e8de le vieux dont l\u2019origine date du 12\u00e8me si\u00e8cle.<\/span><br \/>\n<span style=\"color: #b39164;\">Au pied du massif du Luberon ,entour\u00e9 de vignes et de cerisiers le hameau des Petitons est un point de passage pour nombreuses randonn\u00e9es p\u00e9destres et cyclables sillonnant toute la Provence.<\/span><br \/>\n<span style=\"color: #b39164;\">Les villes les plus proches sont Apt, Avignon,L\u2019isle sur la sorgue et Cavaillon.<\/span><br \/>\n<span style=\"color: #b39164;\">Il est possible de rejoindre la m\u00e9diterran\u00e9e en moins d\u2019une heure.<\/span><\/p>\n\n\t\t\t<div class=\"map map-shortcode marker-is-light-blue\" data-maplat=\"43.829\" data-maplon=\"5.162\" data-mapzoom=\"8\" data-color=\"light\" data-height=\"400\"><\/div>\n<h3>Contact Us<\/h3>\n<p><a href=\"mailto:krissy@provence-conciergerie.com\">krissy@provence-conciergerie.com<\/a><\/p>\n<div id='gallery-1' class='gallery galleryid-295 gallery-columns-2 gallery-size-hemma-medium-square'><figure class='gallery-item'>\n\t\t\t<div class='gallery-icon landscape'>\n\t\t\t\t<a data-size=\"2560x1706\" href='https:\/\/masduhameau.com\/wp-content\/uploads\/2022\/06\/DSC02758-scaled.jpg'><img loading=\"lazy\" decoding=\"async\" width=\"300\" height=\"300\" src=\"https:\/\/masduhameau.com\/wp-content\/uploads\/2022\/06\/DSC02758-300x300.jpg\" class=\"attachment-hemma-medium-square size-hemma-medium-square\" alt=\"\" srcset=\"https:\/\/masduhameau.com\/wp-content\/uploads\/2022\/06\/DSC02758-300x300.jpg 300w, https:\/\/masduhameau.com\/wp-content\/uploads\/2022\/06\/DSC02758-150x150.jpg 150w, https:\/\/masduhameau.com\/wp-content\/uploads\/2022\/06\/DSC02758-768x768.jpg 768w\" sizes=\"auto, (max-width: 300px) 100vw, 300px\" \/><\/a>\n\t\t\t<\/div><\/figure><figure class='gallery-item'>\n\t\t\t<div class='gallery-icon landscape'>\n\t\t\t\t<a data-size=\"2560x1470\" href='https:\/\/masduhameau.com\/wp-content\/uploads\/2022\/06\/DSC02765-scaled.jpg'><img loading=\"lazy\" decoding=\"async\" width=\"300\" height=\"300\" src=\"https:\/\/masduhameau.com\/wp-content\/uploads\/2022\/06\/DSC02765-300x300.jpg\" class=\"attachment-hemma-medium-square size-hemma-medium-square\" alt=\"\" srcset=\"https:\/\/masduhameau.com\/wp-content\/uploads\/2022\/06\/DSC02765-300x300.jpg 300w, https:\/\/masduhameau.com\/wp-content\/uploads\/2022\/06\/DSC02765-150x150.jpg 150w, https:\/\/masduhameau.com\/wp-content\/uploads\/2022\/06\/DSC02765-768x768.jpg 768w\" sizes=\"auto, (max-width: 300px) 100vw, 300px\" \/><\/a>\n\t\t\t<\/div><\/figure><figure class='gallery-item'>\n\t\t\t<div class='gallery-icon landscape'>\n\t\t\t\t<a data-size=\"2560x1611\" href='https:\/\/masduhameau.com\/wp-content\/uploads\/2022\/06\/DSC02810-1-scaled.jpg'><img loading=\"lazy\" decoding=\"async\" width=\"300\" height=\"300\" src=\"https:\/\/masduhameau.com\/wp-content\/uploads\/2022\/06\/DSC02810-1-300x300.jpg\" class=\"attachment-hemma-medium-square size-hemma-medium-square\" alt=\"\" srcset=\"https:\/\/masduhameau.com\/wp-content\/uploads\/2022\/06\/DSC02810-1-300x300.jpg 300w, https:\/\/masduhameau.com\/wp-content\/uploads\/2022\/06\/DSC02810-1-150x150.jpg 150w, https:\/\/masduhameau.com\/wp-content\/uploads\/2022\/06\/DSC02810-1-768x768.jpg 768w\" sizes=\"auto, (max-width: 300px) 100vw, 300px\" \/><\/a>\n\t\t\t<\/div><\/figure><figure class='gallery-item'>\n\t\t\t<div class='gallery-icon landscape'>\n\t\t\t\t<a data-size=\"2560x1707\" href='https:\/\/masduhameau.com\/wp-content\/uploads\/2022\/06\/DSC02850-scaled.jpg'><img loading=\"lazy\" decoding=\"async\" width=\"300\" height=\"300\" src=\"https:\/\/masduhameau.com\/wp-content\/uploads\/2022\/06\/DSC02850-300x300.jpg\" class=\"attachment-hemma-medium-square size-hemma-medium-square\" alt=\"\" srcset=\"https:\/\/masduhameau.com\/wp-content\/uploads\/2022\/06\/DSC02850-300x300.jpg 300w, https:\/\/masduhameau.com\/wp-content\/uploads\/2022\/06\/DSC02850-150x150.jpg 150w, https:\/\/masduhameau.com\/wp-content\/uploads\/2022\/06\/DSC02850-768x768.jpg 768w\" sizes=\"auto, (max-width: 300px) 100vw, 300px\" \/><\/a>\n\t\t\t<\/div><\/figure><figure class='gallery-item'>\n\t\t\t<div class='gallery-icon landscape'>\n\t\t\t\t<a data-size=\"2560x1707\" href='https:\/\/masduhameau.com\/wp-content\/uploads\/2022\/06\/DSC03033-scaled.jpg'><img loading=\"lazy\" decoding=\"async\" width=\"300\" height=\"300\" src=\"https:\/\/masduhameau.com\/wp-content\/uploads\/2022\/06\/DSC03033-300x300.jpg\" class=\"attachment-hemma-medium-square size-hemma-medium-square\" alt=\"\" srcset=\"https:\/\/masduhameau.com\/wp-content\/uploads\/2022\/06\/DSC03033-300x300.jpg 300w, https:\/\/masduhameau.com\/wp-content\/uploads\/2022\/06\/DSC03033-150x150.jpg 150w, https:\/\/masduhameau.com\/wp-content\/uploads\/2022\/06\/DSC03033-768x768.jpg 768w\" sizes=\"auto, (max-width: 300px) 100vw, 300px\" \/><\/a>\n\t\t\t<\/div><\/figure><figure class='gallery-item'>\n\t\t\t<div class='gallery-icon landscape'>\n\t\t\t\t<a data-size=\"2560x1707\" href='https:\/\/masduhameau.com\/wp-content\/uploads\/2022\/06\/DSC03129-scaled.jpg'><img loading=\"lazy\" decoding=\"async\" width=\"300\" height=\"300\" src=\"https:\/\/masduhameau.com\/wp-content\/uploads\/2022\/06\/DSC03129-300x300.jpg\" class=\"attachment-hemma-medium-square size-hemma-medium-square\" alt=\"\" srcset=\"https:\/\/masduhameau.com\/wp-content\/uploads\/2022\/06\/DSC03129-300x300.jpg 300w, https:\/\/masduhameau.com\/wp-content\/uploads\/2022\/06\/DSC03129-150x150.jpg 150w, https:\/\/masduhameau.com\/wp-content\/uploads\/2022\/06\/DSC03129-768x768.jpg 768w\" sizes=\"auto, (max-width: 300px) 100vw, 300px\" \/><\/a>\n\t\t\t<\/div><\/figure>\n\t\t<\/div>\n\n<h3><\/h3>\n","protected":false},"excerpt":{"rendered":"<p>Discover the House [EN] Mas du Hameau is located on the road that leads from the newer village Opp\u00e8de to Opp\u00e8de Le Vieux, whose origin dates back to the 12th century. At the foot of the Luberon hills, surrounded by vineyards and cherry trees, the hamlet of Les Petitons is a gateway for many hiking [&hellip;]<\/p>\n","protected":false},"author":2,"featured_media":419,"parent":0,"menu_order":0,"comment_status":"closed","ping_status":"closed","template":"template-hero.php","meta":{"footnotes":""},"class_list":["post-295","page","type-page","status-publish","has-post-thumbnail","hentry"],"_links":{"self":[{"href":"https:\/\/masduhameau.com\/index.php\/wp-json\/wp\/v2\/pages\/295","targetHints":{"allow":["GET"]}}],"collection":[{"href":"https:\/\/masduhameau.com\/index.php\/wp-json\/wp\/v2\/pages"}],"about":[{"href":"https:\/\/masduhameau.com\/index.php\/wp-json\/wp\/v2\/types\/page"}],"author":[{"embeddable":true,"href":"https:\/\/masduhameau.com\/index.php\/wp-json\/wp\/v2\/users\/2"}],"replies":[{"embeddable":true,"href":"https:\/\/masduhameau.com\/index.php\/wp-json\/wp\/v2\/comments?post=295"}],"version-history":[{"count":10,"href":"https:\/\/masduhameau.com\/index.php\/wp-json\/wp\/v2\/pages\/295\/revisions"}],"predecessor-version":[{"id":505,"href":"https:\/\/masduhameau.com\/index.php\/wp-json\/wp\/v2\/pages\/295\/revisions\/505"}],"wp:featuredmedia":[{"embeddable":true,"href":"https:\/\/masduhameau.com\/index.php\/wp-json\/wp\/v2\/media\/419"}],"wp:attachment":[{"href":"https:\/\/masduhameau.com\/index.php\/wp-json\/wp\/v2\/media?parent=295"}],"curies":[{"name":"wp","href":"https:\/\/api.w.org\/{rel}","templated":true}]}}